{"id":4614,"date":"2023-05-30T14:46:48","date_gmt":"2023-05-30T12:46:48","guid":{"rendered":"https:\/\/itercon.com\/soluciones\/"},"modified":"2026-05-09T22:27:57","modified_gmt":"2026-05-09T20:27:57","slug":"loesungen-von-itercon","status":"publish","type":"page","link":"https:\/\/itercon.com\/de\/loesungen-von-itercon\/","title":{"rendered":"L\u00f6sungen von ITERCON"},"content":{"rendered":"\n\t<section class=\"section dark\" id=\"section_652298348\">\n\t\t<div class=\"section-bg fill\" >\n\t\t\t<img loading=\"lazy\" decoding=\"async\" width=\"1920\" height=\"980\" src=\"https:\/\/itercon.com\/wp-content\/uploads\/2023\/06\/Cabecera-1.jpg\" class=\"bg attachment-original size-original\" alt=\"\" \/>\t\t\t\t\t\t\n\t\t\t\n\n\t\t<\/div>\n\n\t\t\n\n\t\t<div class=\"section-content relative\">\n\t\t\t\n<div class=\"row align-middle\"  id=\"row-1565049526\">\n\n\t<div id=\"col-29882382\" class=\"col medium-12 small-12 large-6\"  >\n\t\t\t\t<div class=\"col-inner\"  >\n\t\t\t\n\t\t\t\n\t<div id=\"gap-209232657\" class=\"gap-element clearfix\" style=\"display:block; height:auto;\">\n\t\t\n<style>\n#gap-209232657 {\n  padding-top: 100px;\n}\n@media (min-width:550px) {\n  #gap-209232657 {\n    padding-top: 30px;\n  }\n}\n<\/style>\n\t<\/div>\n\t\n\t<div id=\"text-1699818124\" class=\"text pretitle txt-mb-0 fw-300 uppercase\">\n\t\t\n<p>Gesch\u00e4ftsbereich<\/p>\n\t\t\n<style>\n#text-1699818124 {\n  font-size: 1rem;\n}\n@media (min-width:550px) {\n  #text-1699818124 {\n    font-size: 1.25rem;\n  }\n}\n<\/style>\n\t<\/div>\n\t\n\t<div id=\"text-797681513\" class=\"text txt-mb-0\">\n\t\t\n<h1>L\u00f6sungen von ITERCON<\/h1>\n\t\t\n<style>\n#text-797681513 {\n  font-size: 1.8rem;\n  line-height: 1.2;\n}\n@media (min-width:850px) {\n  #text-797681513 {\n    font-size: 2.3rem;\n  }\n}\n<\/style>\n\t<\/div>\n\t\n\t<div id=\"text-3946586094\" class=\"text\">\n\t\t\n<p>Innovative L\u00f6sungen f\u00fcr die Bereiche Logistik, Industrie, Rechenzentren und Tiefbau, gest\u00fctzt auf mehr als 60 Jahre Erfahrung und internationale Pr\u00e4senz.<\/p>\n\t\t\n<style>\n#text-3946586094 {\n  font-size: 1rem;\n}\n@media (min-width:550px) {\n  #text-3946586094 {\n    font-size: 1.35rem;\n  }\n}\n@media (min-width:850px) {\n  #text-3946586094 {\n    font-size: 1.5rem;\n  }\n}\n<\/style>\n\t<\/div>\n\t\n\t\t<\/div>\n\t\t\t\t\t<\/div>\n\n\t\n\n\t<div id=\"col-105441722\" class=\"col medium-12 small-12 large-6\"  >\n\t\t\t\t<div class=\"col-inner\"  >\n\t\t\t\n\t\t\t\n\n  <div class=\"banner has-hover video-mask has-video\" id=\"banner-1682524074\">\n          <div class=\"banner-inner fill\">\n        <div class=\"banner-bg fill\" >\n                        \t<div class=\"video-overlay no-click fill visible\"><\/div>\n\t<video class=\"video-bg fill visible\" preload playsinline autoplay muted loop>\n\t\t<source src=\"\/video\/intercom-cabecera-que-hacemos-soluciones.mp4\" type=\"video\/mp4\">\t<\/video>\n                        \n                    <\/div>\n\t\t\n        <div class=\"banner-layers container\">\n            <div class=\"fill banner-link\"><\/div>            \n   <div id=\"text-box-648780647\" class=\"text-box banner-layer x50 md-x50 lg-x50 y50 md-y50 lg-y50 res-text\">\n                                <div class=\"text-box-content text dark\">\n              \n              <div class=\"text-inner text-center\">\n                  \n              <\/div>\n           <\/div>\n                            \n<style>\n#text-box-648780647 {\n  width: 60%;\n}\n#text-box-648780647 .text-box-content {\n  font-size: 100%;\n}\n<\/style>\n    <\/div>\n \n        <\/div>\n      <\/div>\n\n            \n<style>\n#banner-1682524074 {\n  padding-top: 300px;\n}\n@media (min-width:550px) {\n  #banner-1682524074 {\n    padding-top: 450px;\n  }\n}\n@media (min-width:850px) {\n  #banner-1682524074 {\n    padding-top: 550px;\n  }\n}\n<\/style>\n  <\/div>\n\n\n\t\t<\/div>\n\t\t\t\t\t<\/div>\n\n\t\n<\/div>\n\t\t<\/div>\n\n\t\t\n<style>\n#section_652298348 {\n  padding-top: 30px;\n  padding-bottom: 30px;\n  min-height: 80vh;\n}\n#section_652298348 .section-bg img {\n  object-position: 50% 50%;\n}\n@media (min-width:550px) {\n  #section_652298348 {\n    min-height: 99vh;\n  }\n}\n<\/style>\n\t<\/section>\n\t\n\t<div id=\"gap-434520003\" class=\"gap-element clearfix\" style=\"display:block; height:auto;\">\n\t\t\n<style>\n#gap-434520003 {\n  padding-top: 120px;\n}\n<\/style>\n\t<\/div>\n\t\n\n\t<section class=\"section\" id=\"section_1678211003\">\n\t\t<div class=\"section-bg fill\" >\n\t\t\t\t\t\t\t\t\t\n\t\t\t\n\n\t\t<\/div>\n\n\t\t\n\n\t\t<div class=\"section-content relative\">\n\t\t\t\n\n\t<section class=\"section\" id=\"section_687163552\">\n\t\t<div class=\"section-bg fill\" >\n\t\t\t\t\t\t\t\t\t\n\t\t\t\n\n\t\t<\/div>\n\n\t\t\n\n\t\t<div class=\"section-content relative\">\n\t\t\t\n\n<div class=\"row\" style=\"max-width:1320px\" id=\"row-1572158269\">\n\n\n\t<div id=\"col-521631077\" class=\"col br-20 home-soluciones medium-12 small-12 large-6\"  >\n\t\t\t\t<div class=\"col-inner\"  >\n\t\t\t\n\t\t\t\n\n\n\t<a class=\"plain\" href=\"\/soluciones\/logistica\/\" >\t<div class=\"icon-box featured-box bg-sol bg-sol-log hover-flip icon-box-right text-right\"  >\n\t\t\t\t\t<div class=\"icon-box-img\" style=\"width: 80px\">\n\t\t\t\t<div class=\"icon\">\n\t\t\t\t\t<div class=\"icon-inner\" >\n\t\t\t\t\t\t<img loading=\"lazy\" decoding=\"async\" width=\"300\" height=\"300\" src=\"https:\/\/itercon.com\/wp-content\/uploads\/2023\/05\/Icono-ofertas-arrow.svg\" class=\"attachment-medium size-medium\" alt=\"\" \/>\t\t\t\t\t<\/div>\n\t\t\t\t<\/div>\n\t\t\t<\/div>\n\t\t\t\t<div class=\"icon-box-text last-reset\">\n\t\t\t\t\t\t\t\t\t\n\n\t<div id=\"text-3993740758\" class=\"text txt-mb-0\">\n\t\t\n\n<h3>Logistik<\/h3>\n\n\t\t\n<style>\n#text-3993740758 {\n  font-size: 1.5rem;\n  line-height: 1.2;\n  text-align: left;\n  color: rgb(255, 255, 255);\n}\n#text-3993740758 > * {\n  color: rgb(255, 255, 255);\n}\n@media (min-width:550px) {\n  #text-3993740758 {\n    font-size: 2rem;\n  }\n}\n<\/style>\n\t<\/div>\n\t\n\n\t\t<\/div>\n\t<\/div>\n\t<\/a>\n\t\n\n\t<a class=\"plain\" href=\"\/soluciones\/industrial\/\" >\t<div class=\"icon-box featured-box bg-sol bg-sol-ind hover-flip icon-box-right text-right\"  >\n\t\t\t\t\t<div class=\"icon-box-img\" style=\"width: 80px\">\n\t\t\t\t<div class=\"icon\">\n\t\t\t\t\t<div class=\"icon-inner\" >\n\t\t\t\t\t\t<img loading=\"lazy\" decoding=\"async\" width=\"300\" height=\"300\" src=\"https:\/\/itercon.com\/wp-content\/uploads\/2023\/05\/Icono-ofertas-arrow.svg\" class=\"attachment-medium size-medium\" alt=\"\" \/>\t\t\t\t\t<\/div>\n\t\t\t\t<\/div>\n\t\t\t<\/div>\n\t\t\t\t<div class=\"icon-box-text last-reset\">\n\t\t\t\t\t\t\t\t\t\n\n\t<div id=\"text-835010794\" class=\"text txt-mb-0\">\n\t\t\n\n<h3>Industrie<\/h3>\n\n\t\t\n<style>\n#text-835010794 {\n  font-size: 1.5rem;\n  line-height: 1.2;\n  text-align: left;\n  color: rgb(255, 255, 255);\n}\n#text-835010794 > * {\n  color: rgb(255, 255, 255);\n}\n@media (min-width:550px) {\n  #text-835010794 {\n    font-size: 2rem;\n  }\n}\n<\/style>\n\t<\/div>\n\t\n\n\t\t<\/div>\n\t<\/div>\n\t<\/a>\n\t\n\n\t<a class=\"plain\" href=\"\/soluciones\/centros-de-procesamiento-de-datos\/\" >\t<div class=\"icon-box featured-box bg-sol bg-sol-dat hover-flip icon-box-right text-right\"  >\n\t\t\t\t\t<div class=\"icon-box-img\" style=\"width: 80px\">\n\t\t\t\t<div class=\"icon\">\n\t\t\t\t\t<div class=\"icon-inner\" >\n\t\t\t\t\t\t<img loading=\"lazy\" decoding=\"async\" width=\"300\" height=\"300\" src=\"https:\/\/itercon.com\/wp-content\/uploads\/2023\/05\/Icono-ofertas-arrow.svg\" class=\"attachment-medium size-medium\" alt=\"\" \/>\t\t\t\t\t<\/div>\n\t\t\t\t<\/div>\n\t\t\t<\/div>\n\t\t\t\t<div class=\"icon-box-text last-reset\">\n\t\t\t\t\t\t\t\t\t\n\n\t<div id=\"text-2688155662\" class=\"text txt-mb-0\">\n\t\t\n\n<h3>Rechenzentren<\/h3>\n\n\t\t\n<style>\n#text-2688155662 {\n  font-size: 1.5rem;\n  line-height: 1.2;\n  text-align: left;\n  color: rgb(255, 255, 255);\n}\n#text-2688155662 > * {\n  color: rgb(255, 255, 255);\n}\n@media (min-width:550px) {\n  #text-2688155662 {\n    font-size: 2rem;\n  }\n}\n<\/style>\n\t<\/div>\n\t\n\n\t\t<\/div>\n\t<\/div>\n\t<\/a>\n\t\n\n\t<a class=\"plain\" href=\"\/soluciones\/obra-civil\/\" >\t<div class=\"icon-box featured-box bg-sol bg-sol-civ hover-flip icon-box-right text-right\"  >\n\t\t\t\t\t<div class=\"icon-box-img\" style=\"width: 80px\">\n\t\t\t\t<div class=\"icon\">\n\t\t\t\t\t<div class=\"icon-inner\" >\n\t\t\t\t\t\t<img loading=\"lazy\" decoding=\"async\" width=\"300\" height=\"300\" src=\"https:\/\/itercon.com\/wp-content\/uploads\/2023\/05\/Icono-ofertas-arrow.svg\" class=\"attachment-medium size-medium\" alt=\"\" \/>\t\t\t\t\t<\/div>\n\t\t\t\t<\/div>\n\t\t\t<\/div>\n\t\t\t\t<div class=\"icon-box-text last-reset\">\n\t\t\t\t\t\t\t\t\t\n\n\t<div id=\"text-3649108595\" class=\"text txt-mb-0\">\n\t\t\n\n<h3>Hoch+Tiefbau<\/h3>\n\n\t\t\n<style>\n#text-3649108595 {\n  font-size: 1.5rem;\n  line-height: 1.2;\n  text-align: left;\n  color: rgb(255, 255, 255);\n}\n#text-3649108595 > * {\n  color: rgb(255, 255, 255);\n}\n@media (min-width:550px) {\n  #text-3649108595 {\n    font-size: 2rem;\n  }\n}\n<\/style>\n\t<\/div>\n\t\n\n\t\t<\/div>\n\t<\/div>\n\t<\/a>\n\t\n\n\t\t<\/div>\n\t\t\t\t\t<\/div>\n\n\t\n\n\t<div id=\"col-489750984\" class=\"col image-height-fit hide-for-medium medium-6 small-12 large-6\"  >\n\t\t\t\t<div class=\"col-inner\"  >\n\t\t\t\n\t\t\t\n\n\t<div class=\"img has-hover br-20 hover-image-change x md-x lg-x y md-y lg-y\" id=\"image_170658804\">\n\t\t\t\t\t\t\t\t<div class=\"img-inner dark\" >\n\t\t\t<img loading=\"lazy\" decoding=\"async\" width=\"1020\" height=\"1295\" src=\"https:\/\/itercon.com\/wp-content\/uploads\/2023\/08\/home-logistica.jpg\" class=\"attachment-large size-large\" alt=\"\" srcset=\"https:\/\/itercon.com\/wp-content\/uploads\/2023\/08\/home-logistica.jpg 1260w, https:\/\/itercon.com\/wp-content\/uploads\/2023\/08\/home-logistica-945x1200.jpg 945w, https:\/\/itercon.com\/wp-content\/uploads\/2023\/08\/home-logistica-768x975.jpg 768w, https:\/\/itercon.com\/wp-content\/uploads\/2023\/08\/home-logistica-1210x1536.jpg 1210w\" sizes=\"auto, (max-width: 1020px) 100vw, 1020px\" \/>\t\t\t\t\t\t\n\t\t\t\t\t<\/div>\n\t\t\t\t\t\t\t\t\n<style>\n#image_170658804 {\n  width: 100%;\n}\n<\/style>\n\t<\/div>\n\t\n\n\n\t\t<\/div>\n\t\t\t\t\t<\/div>\n\n\t\n\n<\/div>\n\t<div id=\"gap-1138458497\" class=\"gap-element clearfix\" style=\"display:block; height:auto;\">\n\t\t\n<style>\n#gap-1138458497 {\n  padding-top: 80px;\n}\n@media (min-width:550px) {\n  #gap-1138458497 {\n    padding-top: 100px;\n  }\n}\n@media (min-width:850px) {\n  #gap-1138458497 {\n    padding-top: 140px;\n  }\n}\n<\/style>\n\t<\/div>\n\t\n\n\n\t\t<\/div>\n\n\t\t\n<style>\n#section_687163552 {\n  padding-top: 0px;\n  padding-bottom: 0px;\n}\n<\/style>\n\t<\/section>\n\t\n\t<div id=\"gap-611369680\" class=\"gap-element clearfix\" style=\"display:block; height:auto;\">\n\t\t\n<style>\n#gap-611369680 {\n  padding-top: 80px;\n}\n@media (min-width:550px) {\n  #gap-611369680 {\n    padding-top: 40px;\n  }\n}\n<\/style>\n\t<\/div>\n\t\n\t\t<\/div>\n\n\t\t\n<style>\n#section_1678211003 {\n  padding-top: 0px;\n  padding-bottom: 0px;\n}\n<\/style>\n\t<\/section>\n\t\n","protected":false},"excerpt":{"rendered":"","protected":false},"author":1,"featured_media":0,"parent":0,"menu_order":7,"comment_status":"closed","ping_status":"closed","template":"page-transparent-header-light.php","meta":{"_acf_changed":false,"inline_featured_image":false,"footnotes":""},"class_list":["post-4614","page","type-page","status-publish","hentry"],"acf":[],"yoast_head":"<!-- This site is optimized with the Yoast SEO plugin v27.5 - https:\/\/yoast.com\/product\/yoast-seo-wordpress\/ -->\n<title>Soluciones Integrales para Empresas | Itercon | Grupo CYCLUS<\/title>\n<meta name=\"description\" content=\"Accede a soluciones integrales para empresas. Itercon dise\u00f1a y ejecuta proyectos eficientes que optimizan recursos y procesos.\" \/>\n<meta name=\"robots\" content=\"index, follow, max-snippet:-1, max-image-preview:large, max-video-preview:-1\" \/>\n<link rel=\"canonical\" href=\"https:\/\/itercon.com\/de\/loesungen-von-itercon\/\" \/>\n<meta property=\"og:locale\" content=\"de_DE\" \/>\n<meta property=\"og:type\" content=\"article\" \/>\n<meta property=\"og:title\" content=\"Soluciones Integrales para Empresas | Itercon | Grupo CYCLUS\" \/>\n<meta property=\"og:description\" content=\"Accede a soluciones integrales para empresas. Itercon dise\u00f1a y ejecuta proyectos eficientes que optimizan recursos y procesos.\" \/>\n<meta property=\"og:url\" content=\"https:\/\/itercon.com\/de\/loesungen-von-itercon\/\" \/>\n<meta property=\"og:site_name\" content=\"ITERCON | Grupo CYCLUS\" \/>\n<meta property=\"article:modified_time\" content=\"2026-05-09T20:27:57+00:00\" \/>\n<meta name=\"twitter:card\" content=\"summary_large_image\" \/>\n<meta name=\"twitter:label1\" content=\"Gesch\u00e4tzte Lesezeit\" \/>\n\t<meta name=\"twitter:data1\" content=\"1\u00a0Minute\" \/>\n<script type=\"application\/ld+json\" class=\"yoast-schema-graph\">{\"@context\":\"https:\\\/\\\/schema.org\",\"@graph\":[{\"@type\":\"WebPage\",\"@id\":\"https:\\\/\\\/itercon.com\\\/de\\\/loesungen-von-itercon\\\/\",\"url\":\"https:\\\/\\\/itercon.com\\\/de\\\/loesungen-von-itercon\\\/\",\"name\":\"Soluciones Integrales para Empresas | Itercon | Grupo CYCLUS\",\"isPartOf\":{\"@id\":\"https:\\\/\\\/itercon.com\\\/de\\\/#website\"},\"datePublished\":\"2023-05-30T12:46:48+00:00\",\"dateModified\":\"2026-05-09T20:27:57+00:00\",\"description\":\"Accede a soluciones integrales para empresas. Itercon dise\u00f1a y ejecuta proyectos eficientes que optimizan recursos y procesos.\",\"breadcrumb\":{\"@id\":\"https:\\\/\\\/itercon.com\\\/de\\\/loesungen-von-itercon\\\/#breadcrumb\"},\"inLanguage\":\"de\",\"potentialAction\":[{\"@type\":\"ReadAction\",\"target\":[\"https:\\\/\\\/itercon.com\\\/de\\\/loesungen-von-itercon\\\/\"]}]},{\"@type\":\"BreadcrumbList\",\"@id\":\"https:\\\/\\\/itercon.com\\\/de\\\/loesungen-von-itercon\\\/#breadcrumb\",\"itemListElement\":[{\"@type\":\"ListItem\",\"position\":1,\"name\":\"Portada\",\"item\":\"https:\\\/\\\/itercon.com\\\/de\\\/\"},{\"@type\":\"ListItem\",\"position\":2,\"name\":\"L\u00f6sungen von ITERCON\"}]},{\"@type\":\"WebSite\",\"@id\":\"https:\\\/\\\/itercon.com\\\/de\\\/#website\",\"url\":\"https:\\\/\\\/itercon.com\\\/de\\\/\",\"name\":\"ITERCON\",\"description\":\"Innovaciones T\u00e9cnicas y Recursos Constructivos, S.A. empresa de Grupo Cyclus\",\"publisher\":{\"@id\":\"https:\\\/\\\/itercon.com\\\/de\\\/#organization\"},\"potentialAction\":[{\"@type\":\"SearchAction\",\"target\":{\"@type\":\"EntryPoint\",\"urlTemplate\":\"https:\\\/\\\/itercon.com\\\/de\\\/?s={search_term_string}\"},\"query-input\":{\"@type\":\"PropertyValueSpecification\",\"valueRequired\":true,\"valueName\":\"search_term_string\"}}],\"inLanguage\":\"de\"},{\"@type\":\"Organization\",\"@id\":\"https:\\\/\\\/itercon.com\\\/de\\\/#organization\",\"name\":\"ITERCON\",\"url\":\"https:\\\/\\\/itercon.com\\\/de\\\/\",\"logo\":{\"@type\":\"ImageObject\",\"inLanguage\":\"de\",\"@id\":\"https:\\\/\\\/itercon.com\\\/de\\\/#\\\/schema\\\/logo\\\/image\\\/\",\"url\":\"https:\\\/\\\/itercon.com\\\/wp-content\\\/uploads\\\/2023\\\/05\\\/logo-itercon.png\",\"contentUrl\":\"https:\\\/\\\/itercon.com\\\/wp-content\\\/uploads\\\/2023\\\/05\\\/logo-itercon.png\",\"width\":154,\"height\":40,\"caption\":\"ITERCON\"},\"image\":{\"@id\":\"https:\\\/\\\/itercon.com\\\/de\\\/#\\\/schema\\\/logo\\\/image\\\/\"}}]}<\/script>\n<!-- \/ Yoast SEO plugin. -->","yoast_head_json":{"title":"Soluciones Integrales para Empresas | Itercon | Grupo CYCLUS","description":"Accede a soluciones integrales para empresas. Itercon dise\u00f1a y ejecuta proyectos eficientes que optimizan recursos y procesos.","robots":{"index":"index","follow":"follow","max-snippet":"max-snippet:-1","max-image-preview":"max-image-preview:large","max-video-preview":"max-video-preview:-1"},"canonical":"https:\/\/itercon.com\/de\/loesungen-von-itercon\/","og_locale":"de_DE","og_type":"article","og_title":"Soluciones Integrales para Empresas | Itercon | Grupo CYCLUS","og_description":"Accede a soluciones integrales para empresas. Itercon dise\u00f1a y ejecuta proyectos eficientes que optimizan recursos y procesos.","og_url":"https:\/\/itercon.com\/de\/loesungen-von-itercon\/","og_site_name":"ITERCON | Grupo CYCLUS","article_modified_time":"2026-05-09T20:27:57+00:00","twitter_card":"summary_large_image","twitter_misc":{"Gesch\u00e4tzte Lesezeit":"1\u00a0Minute"},"schema":{"@context":"https:\/\/schema.org","@graph":[{"@type":"WebPage","@id":"https:\/\/itercon.com\/de\/loesungen-von-itercon\/","url":"https:\/\/itercon.com\/de\/loesungen-von-itercon\/","name":"Soluciones Integrales para Empresas | Itercon | Grupo CYCLUS","isPartOf":{"@id":"https:\/\/itercon.com\/de\/#website"},"datePublished":"2023-05-30T12:46:48+00:00","dateModified":"2026-05-09T20:27:57+00:00","description":"Accede a soluciones integrales para empresas. Itercon dise\u00f1a y ejecuta proyectos eficientes que optimizan recursos y procesos.","breadcrumb":{"@id":"https:\/\/itercon.com\/de\/loesungen-von-itercon\/#breadcrumb"},"inLanguage":"de","potentialAction":[{"@type":"ReadAction","target":["https:\/\/itercon.com\/de\/loesungen-von-itercon\/"]}]},{"@type":"BreadcrumbList","@id":"https:\/\/itercon.com\/de\/loesungen-von-itercon\/#breadcrumb","itemListElement":[{"@type":"ListItem","position":1,"name":"Portada","item":"https:\/\/itercon.com\/de\/"},{"@type":"ListItem","position":2,"name":"L\u00f6sungen von ITERCON"}]},{"@type":"WebSite","@id":"https:\/\/itercon.com\/de\/#website","url":"https:\/\/itercon.com\/de\/","name":"ITERCON","description":"Innovaciones T\u00e9cnicas y Recursos Constructivos, S.A. empresa de Grupo Cyclus","publisher":{"@id":"https:\/\/itercon.com\/de\/#organization"},"potentialAction":[{"@type":"SearchAction","target":{"@type":"EntryPoint","urlTemplate":"https:\/\/itercon.com\/de\/?s={search_term_string}"},"query-input":{"@type":"PropertyValueSpecification","valueRequired":true,"valueName":"search_term_string"}}],"inLanguage":"de"},{"@type":"Organization","@id":"https:\/\/itercon.com\/de\/#organization","name":"ITERCON","url":"https:\/\/itercon.com\/de\/","logo":{"@type":"ImageObject","inLanguage":"de","@id":"https:\/\/itercon.com\/de\/#\/schema\/logo\/image\/","url":"https:\/\/itercon.com\/wp-content\/uploads\/2023\/05\/logo-itercon.png","contentUrl":"https:\/\/itercon.com\/wp-content\/uploads\/2023\/05\/logo-itercon.png","width":154,"height":40,"caption":"ITERCON"},"image":{"@id":"https:\/\/itercon.com\/de\/#\/schema\/logo\/image\/"}}]}},"_links":{"self":[{"href":"https:\/\/itercon.com\/de\/wp-json\/wp\/v2\/pages\/4614","targetHints":{"allow":["GET"]}}],"collection":[{"href":"https:\/\/itercon.com\/de\/wp-json\/wp\/v2\/pages"}],"about":[{"href":"https:\/\/itercon.com\/de\/wp-json\/wp\/v2\/types\/page"}],"author":[{"embeddable":true,"href":"https:\/\/itercon.com\/de\/wp-json\/wp\/v2\/users\/1"}],"replies":[{"embeddable":true,"href":"https:\/\/itercon.com\/de\/wp-json\/wp\/v2\/comments?post=4614"}],"version-history":[{"count":6,"href":"https:\/\/itercon.com\/de\/wp-json\/wp\/v2\/pages\/4614\/revisions"}],"predecessor-version":[{"id":4621,"href":"https:\/\/itercon.com\/de\/wp-json\/wp\/v2\/pages\/4614\/revisions\/4621"}],"wp:attachment":[{"href":"https:\/\/itercon.com\/de\/wp-json\/wp\/v2\/media?parent=4614"}],"curies":[{"name":"wp","href":"https:\/\/api.w.org\/{rel}","templated":true}]}}