{"id":4567,"date":"2023-05-30T14:51:22","date_gmt":"2023-05-30T12:51:22","guid":{"rendered":"https:\/\/itercon.com\/obra-civil\/"},"modified":"2026-05-09T22:27:58","modified_gmt":"2026-05-09T20:27:58","slug":"hoch-tiefbau","status":"publish","type":"page","link":"https:\/\/itercon.com\/de\/loesungen-von-itercon\/hoch-tiefbau\/","title":{"rendered":"Hoch+Tiefbau"},"content":{"rendered":"\n\t<section class=\"section section-video-effect dark\" id=\"section_1601830666\">\n\t\t<div class=\"section-bg fill\" >\n\t\t\t<img loading=\"lazy\" decoding=\"async\" width=\"1920\" height=\"980\" src=\"https:\/\/itercon.com\/wp-content\/uploads\/2023\/06\/Cabecera-obra-civil.jpg\" class=\"bg attachment-original size-original\" alt=\"\" \/>\t\t\t\t\t\t\n\t\t\t\n\n\t\t<\/div>\n\n\t\t\n\n\t\t<div class=\"section-content relative\">\n\t\t\t\n<div class=\"row align-middle\"  id=\"row-113024531\">\n\n\t<div id=\"col-1121760782\" class=\"col medium-12 small-12 large-6\"  >\n\t\t\t\t<div class=\"col-inner\"  >\n\t\t\t\n\t\t\t\n\t<div id=\"gap-780354967\" class=\"gap-element clearfix\" style=\"display:block; height:auto;\">\n\t\t\n<style>\n#gap-780354967 {\n  padding-top: 100px;\n}\n@media (min-width:550px) {\n  #gap-780354967 {\n    padding-top: 30px;\n  }\n}\n<\/style>\n\t<\/div>\n\t\n\t<div id=\"text-3380235969\" class=\"text pretitle txt-mb-0 fw-300 uppercase\">\n\t\t\n<p>Gesch\u00e4ftsbereich<\/p>\n\t\t\n<style>\n#text-3380235969 {\n  font-size: 1rem;\n}\n@media (min-width:550px) {\n  #text-3380235969 {\n    font-size: 1.25rem;\n  }\n}\n<\/style>\n\t<\/div>\n\t\n\t<div id=\"text-1476610609\" class=\"text txt-mb-0\">\n\t\t\n<h1>Hoch+Tiefbau<\/h1>\n\t\t\n<style>\n#text-1476610609 {\n  font-size: 1.8rem;\n  line-height: 1.2;\n}\n@media (min-width:850px) {\n  #text-1476610609 {\n    font-size: 2.5rem;\n  }\n}\n<\/style>\n\t<\/div>\n\t\n\t<div id=\"text-3289208949\" class=\"text\">\n\t\t\n<p>Unser Team ist auf den Bau von hochwertigen Bauvorhaben spezialisiert und bietet einen ganzheitlichen Ansatz, der die Schaffung dauerhafter, funktionaler Strukturen erm\u00f6glicht, die Gemeinschaften st\u00e4rken und verbinden.<\/p>\n\t\t\n<style>\n#text-3289208949 {\n  font-size: 1rem;\n}\n@media (min-width:550px) {\n  #text-3289208949 {\n    font-size: 1.35rem;\n  }\n}\n@media (min-width:850px) {\n  #text-3289208949 {\n    font-size: 1.5rem;\n  }\n}\n<\/style>\n\t<\/div>\n\t\n\t\t<\/div>\n\t\t\t\t\t<\/div>\n\n\t\n\n\t<div id=\"col-361054903\" class=\"col medium-12 small-12 large-6\"  >\n\t\t\t\t<div class=\"col-inner\"  >\n\t\t\t\n\t\t\t\n\n  <div class=\"banner has-hover video-mask mask-effect has-video\" id=\"banner-842024089\">\n          <div class=\"banner-inner fill\">\n        <div class=\"banner-bg fill\" >\n                        \t<div class=\"video-overlay no-click fill visible\"><\/div>\n\t<video class=\"video-bg fill visible\" preload playsinline autoplay muted loop>\n\t\t<source src=\"\/video\/que-hacemos\/civil\/que-hacemos-obra-civil.mp4\" type=\"video\/mp4\">\t<\/video>\n                        \n                    <\/div>\n\t\t\n        <div class=\"banner-layers container\">\n            <div class=\"fill banner-link\"><\/div>            \n   <div id=\"text-box-657949238\" class=\"text-box banner-layer x50 md-x50 lg-x50 y50 md-y50 lg-y50 res-text\">\n                                <div class=\"text-box-content text dark\">\n              \n              <div class=\"text-inner text-center\">\n                  \n              <\/div>\n           <\/div>\n                            \n<style>\n#text-box-657949238 {\n  width: 60%;\n}\n#text-box-657949238 .text-box-content {\n  font-size: 100%;\n}\n<\/style>\n    <\/div>\n \n        <\/div>\n      <\/div>\n\n            \n<style>\n#banner-842024089 {\n  padding-top: 300px;\n}\n@media (min-width:550px) {\n  #banner-842024089 {\n    padding-top: 450px;\n  }\n}\n@media (min-width:850px) {\n  #banner-842024089 {\n    padding-top: 550px;\n  }\n}\n<\/style>\n  <\/div>\n\n\n\t\t<\/div>\n\t\t\t\t\t<\/div>\n\n\t\n<\/div>\n\t\t<\/div>\n\n\t\t\n<style>\n#section_1601830666 {\n  padding-top: 30px;\n  padding-bottom: 30px;\n  min-height: 80vh;\n}\n#section_1601830666 .section-bg img {\n  object-position: 50% 50%;\n}\n@media (min-width:550px) {\n  #section_1601830666 {\n    min-height: 99vh;\n  }\n}\n<\/style>\n\t<\/section>\n\t\n\n\t<section class=\"section\" id=\"section_244990883\">\n\t\t<div class=\"section-bg fill\" >\n\t\t\t\t\t\t\t\t\t<div class=\"section-bg-overlay absolute fill\"><\/div>\n\t\t\t\n\n\t\t<\/div>\n\n\t\t\n\n\t\t<div class=\"section-content relative\">\n\t\t\t\n<div class=\"row\"  id=\"row-1371575117\">\n\n\t<div id=\"col-906757954\" class=\"col small-12 large-12\"  >\n\t\t\t\t<div class=\"col-inner\"  >\n\t\t\t\n\t\t\t\n\t<div id=\"text-1757428284\" class=\"text txt-mb-0 alt-font fw-900\">\n\t\t\n<p>NO MATTER WHAT<br \/>\n\t\t\n<style>\n#text-1757428284 {\n  font-size: 2.5rem;\n  text-align: center;\n  color: rgb(255, 255, 255);\n}\n#text-1757428284 > * {\n  color: rgb(255, 255, 255);\n}\n@media (min-width:550px) {\n  #text-1757428284 {\n    font-size: 4rem;\n  }\n}\n<\/style>\n\t<\/div>\n\t\n\t\t<\/div>\n\t\t\t\t\t<\/div>\n\n\t\n<\/div>\n\t\t<\/div>\n\n\t\t\n<style>\n#section_244990883 {\n  padding-top: 0px;\n  padding-bottom: 0px;\n  min-height: 70vh;\n}\n#section_244990883 .section-bg-overlay {\n  background-color: rgba(0, 0, 0, 0.2);\n}\n@media (min-width:550px) {\n  #section_244990883 {\n    min-height: 99vh;\n  }\n}\n<\/style>\n\t<\/section>\n\t\n\n\t<section class=\"section\" id=\"section_462389378\">\n\t\t<div class=\"section-bg fill\" >\n\t\t\t\t\t\t\t\t\t\n\t\t\t\n\n\t\t<\/div>\n\n\t\t\n\n\t\t<div class=\"section-content relative\">\n\t\t\t\n\t<div id=\"gap-2101680182\" class=\"gap-element clearfix\" style=\"display:block; height:auto;\">\n\t\t\n<style>\n#gap-2101680182 {\n  padding-top: 140px;\n}\n<\/style>\n\t<\/div>\n\t\n<div class=\"row\"  id=\"row-1225554956\">\n\n\t<div id=\"col-1218667849\" class=\"col small-12 large-12\"  >\n\t\t\t\t<div class=\"col-inner\"  >\n\t\t\t\n\t\t\t\n\t<div id=\"text-3276877407\" class=\"text alt-font\">\n\t\t\n<h2>Hoch+Tiefbau ITERCON<\/h2>\n\t\t\n<style>\n#text-3276877407 {\n  font-size: 2rem;\n  line-height: 1.3;\n  text-align: center;\n  color: rgb(137, 26, 39);\n}\n#text-3276877407 > * {\n  color: rgb(137, 26, 39);\n}\n@media (min-width:550px) {\n  #text-3276877407 {\n    font-size: 3rem;\n  }\n}\n<\/style>\n\t<\/div>\n\t\n\t<div id=\"gap-2062450248\" class=\"gap-element clearfix\" style=\"display:block; height:auto;\">\n\t\t\n<style>\n#gap-2062450248 {\n  padding-top: 50px;\n}\n<\/style>\n\t<\/div>\n\t\n\n<div class=\"content-soluciones\"><div class=\"solucion\" style=\"background-image:url(https:\/\/itercon.com\/wp-content\/uploads\/2025\/06\/AEREA-FUENTE-RENDONDA-e1749565240628.jpg)\"><div class=\"tipo-solucion\">Bauarbeiten<\/div><h4>Bulevar Parque Central<\/h4><!--div><span class=\"lugar\">Estepona (Andalusien)<\/span><span class=\"tamano\"><\/span><span class=\"anos\">2024 - 2025<\/span><\/div--><div><a href=\"https:\/\/itercon.com\/de\/losungen-und-projekte\/bulevar-parque-central\/\" class=\"link-proyecto\"><img decoding=\"async\" src=\"https:\/\/itercon.com\/wp-content\/uploads\/2023\/05\/Icono-ofertas-arrow.svg\" \/><\/a><\/div><\/div><div class=\"solucion\" style=\"background-image:url(https:\/\/itercon.com\/wp-content\/uploads\/2024\/08\/Mayo4-1-scaled.jpg)\"><div class=\"tipo-solucion\">Bauarbeiten<\/div><h4>Stadtparkplatz<\/h4><!--div><span class=\"lugar\">Estepona (Andalusien)<\/span><span class=\"tamano\"><\/span><span class=\"anos\">2024 - 2025<\/span><\/div--><div><a href=\"https:\/\/itercon.com\/de\/losungen-und-projekte\/stadtparkplatz\/\" class=\"link-proyecto\"><img decoding=\"async\" src=\"https:\/\/itercon.com\/wp-content\/uploads\/2023\/05\/Icono-ofertas-arrow.svg\" \/><\/a><\/div><\/div><div class=\"solucion\" style=\"background-image:url(https:\/\/itercon.com\/wp-content\/uploads\/2024\/08\/Abril249--scaled.jpg)\"><div class=\"tipo-solucion\">Bauarbeiten<\/div><h4>MERCACENTRO<\/h4><!--div><span class=\"lugar\">Fuengirola (Andalusien)<\/span><span class=\"tamano\"><\/span><span class=\"anos\">2024 - 2025<\/span><\/div--><div><a href=\"https:\/\/itercon.com\/de\/losungen-und-projekte\/mercacentro\/\" class=\"link-proyecto\"><img decoding=\"async\" src=\"https:\/\/itercon.com\/wp-content\/uploads\/2023\/05\/Icono-ofertas-arrow.svg\" \/><\/a><\/div><\/div><div class=\"solucion\" style=\"background-image:url(https:\/\/itercon.com\/wp-content\/uploads\/2023\/05\/Palacio-de-la-Justicia_-hor.jpg)\"><div class=\"tipo-solucion\">Bauarbeiten<\/div><h4>JUSTIZPALAST VALLEDUPAR<\/h4><!--div><span class=\"lugar\">Valledupar (Kolumbien)<\/span><span class=\"tamano\"><\/span><span class=\"anos\">2023 - 2025<\/span><\/div--><div><a href=\"https:\/\/itercon.com\/de\/losungen-und-projekte\/justizpalast-valledupar\/\" class=\"link-proyecto\"><img decoding=\"async\" src=\"https:\/\/itercon.com\/wp-content\/uploads\/2023\/05\/Icono-ofertas-arrow.svg\" \/><\/a><\/div><\/div><div class=\"solucion\" style=\"background-image:url(https:\/\/itercon.com\/wp-content\/uploads\/2023\/05\/Aeropuerto-\u2013-El-Alcaravan_-hor.jpg)\"><div class=\"tipo-solucion\">Bauarbeiten<\/div><h4>FLUGHAFEN EL ALCAVAR\u00c1N<\/h4><!--div><span class=\"lugar\">Yopal (Kolumbien)<\/span><span class=\"tamano\"><\/span><span class=\"anos\">2015 - 2017<\/span><\/div--><div><a href=\"https:\/\/itercon.com\/de\/losungen-und-projekte\/flughafen-el-alcavaran\/\" class=\"link-proyecto\"><img decoding=\"async\" src=\"https:\/\/itercon.com\/wp-content\/uploads\/2023\/05\/Icono-ofertas-arrow.svg\" \/><\/a><\/div><\/div><div class=\"solucion\" style=\"background-image:url(https:\/\/itercon.com\/wp-content\/uploads\/2023\/05\/Aeropuerto-\u2013-Puerto-Carreno-hor.jpg)\"><div class=\"tipo-solucion\">Bauarbeiten<\/div><h4>FLUGHAFEN PUERTO CARRE\u00d1O<\/h4><!--div><span class=\"lugar\">Puerto Carre\u00f1o (Kolumbien)<\/span><span class=\"tamano\"><\/span><span class=\"anos\">2019 - 2023<\/span><\/div--><div><a href=\"https:\/\/itercon.com\/de\/losungen-und-projekte\/flughafen-puerto-carreno\/\" class=\"link-proyecto\"><img decoding=\"async\" src=\"https:\/\/itercon.com\/wp-content\/uploads\/2023\/05\/Icono-ofertas-arrow.svg\" \/><\/a><\/div><\/div><div class=\"solucion\" style=\"background-image:url(https:\/\/itercon.com\/wp-content\/uploads\/2023\/05\/WWTP-1-hor.jpg)\"><div class=\"tipo-solucion\">Bauarbeiten<\/div><h4>WWTP HidroPrahova<\/h4><!--div><span class=\"lugar\">Craiova (Rum\u00e4nien)<\/span><span class=\"tamano\"><\/span><span class=\"anos\">2015<\/span><\/div--><div><a href=\"https:\/\/itercon.com\/de\/losungen-und-projekte\/wwtp-hidroprahova\/\" class=\"link-proyecto\"><img decoding=\"async\" src=\"https:\/\/itercon.com\/wp-content\/uploads\/2023\/05\/Icono-ofertas-arrow.svg\" \/><\/a><\/div><\/div><div class=\"solucion\" style=\"background-image:url(https:\/\/itercon.com\/wp-content\/uploads\/2023\/05\/WWTP-2-hor.jpg)\"><div class=\"tipo-solucion\">Bauarbeiten<\/div><h4>WWTP Ford Factory<\/h4><!--div><span class=\"lugar\">Valeni de Munte (Rum\u00e4nien)<\/span><span class=\"tamano\"><\/span><span class=\"anos\">2015 - 2017<\/span><\/div--><div><a href=\"https:\/\/itercon.com\/de\/losungen-und-projekte\/wwtp-fordfactory\/\" class=\"link-proyecto\"><img decoding=\"async\" src=\"https:\/\/itercon.com\/wp-content\/uploads\/2023\/05\/Icono-ofertas-arrow.svg\" \/><\/a><\/div><\/div><div class=\"solucion\" style=\"background-image:url(https:\/\/itercon.com\/wp-content\/uploads\/2023\/11\/EST-AVE-1-scaled.jpg)\"><div class=\"tipo-solucion\">Bauarbeiten<\/div><h4>AVE-Bahnhof Cuenca<\/h4><!--div><span class=\"lugar\">Cuenca (Spanien)<\/span><span class=\"tamano\"><\/span><span class=\"anos\">2009 - 2010<\/span><\/div--><div><a href=\"https:\/\/itercon.com\/de\/losungen-und-projekte\/ave-bahnhof-cuenca\/\" class=\"link-proyecto\"><img decoding=\"async\" src=\"https:\/\/itercon.com\/wp-content\/uploads\/2023\/05\/Icono-ofertas-arrow.svg\" \/><\/a><\/div><\/div><div class=\"solucion\" style=\"background-image:url(https:\/\/itercon.com\/wp-content\/uploads\/2023\/11\/BALSA-3-scaled.jpg)\"><div class=\"tipo-solucion\">Bauarbeiten<\/div><h4>Becken<\/h4><!--div><span class=\"lugar\">Carlet (Spanien)<\/span><span class=\"tamano\"><\/span><span class=\"anos\">2015 - 2017<\/span><\/div--><div><a href=\"https:\/\/itercon.com\/de\/losungen-und-projekte\/becken\/\" class=\"link-proyecto\"><img decoding=\"async\" src=\"https:\/\/itercon.com\/wp-content\/uploads\/2023\/05\/Icono-ofertas-arrow.svg\" \/><\/a><\/div><\/div><div class=\"solucion\" style=\"background-image:url(https:\/\/itercon.com\/wp-content\/uploads\/2023\/11\/COMPLEJO-9OCT-3-scaled.jpg)\"><div class=\"tipo-solucion\">Bauarbeiten<\/div><h4>Geb\u00e4udekomplex \u201e9 de Octubre\u201c<\/h4><!--div><span class=\"lugar\">Valencia (Spanien)<\/span><span class=\"tamano\"><\/span><span class=\"anos\">2007 - 2013<\/span><\/div--><div><a href=\"https:\/\/itercon.com\/de\/losungen-und-projekte\/gebaeudekomplex-9-de-octubre\/\" class=\"link-proyecto\"><img decoding=\"async\" src=\"https:\/\/itercon.com\/wp-content\/uploads\/2023\/05\/Icono-ofertas-arrow.svg\" \/><\/a><\/div><\/div><\/div>\n\n\t\t<\/div>\n\t\t\t\t\t<\/div>\n\n\t\n<\/div>\n\t<div id=\"gap-413265565\" class=\"gap-element clearfix\" style=\"display:block; height:auto;\">\n\t\t\n<style>\n#gap-413265565 {\n  padding-top: 140px;\n}\n<\/style>\n\t<\/div>\n\t\n\t\t<\/div>\n\n\t\t\n<style>\n#section_462389378 {\n  padding-top: 30px;\n  padding-bottom: 30px;\n}\n<\/style>\n\t<\/section>\n\t\n","protected":false},"excerpt":{"rendered":"","protected":false},"author":1,"featured_media":0,"parent":4614,"menu_order":4,"comment_status":"closed","ping_status":"closed","template":"page-transparent-header-light.php","meta":{"_acf_changed":false,"inline_featured_image":false,"footnotes":""},"class_list":["post-4567","page","type-page","status-publish","hentry"],"acf":[],"yoast_head":"<!-- This site is optimized with the Yoast SEO plugin v27.5 - https:\/\/yoast.com\/product\/yoast-seo-wordpress\/ -->\n<title>Soluciones de Obra Civil | Itercon | Grupo CYCLUS<\/title>\n<meta name=\"description\" content=\"Construye con confianza. Itercon desarrolla soluciones de obra civil con precisi\u00f3n t\u00e9cnica, sostenibilidad y ejecuci\u00f3n profesional.\" \/>\n<meta name=\"robots\" content=\"index, follow, max-snippet:-1, max-image-preview:large, max-video-preview:-1\" \/>\n<link rel=\"canonical\" href=\"https:\/\/itercon.com\/de\/loesungen-von-itercon\/hoch-tiefbau\/\" \/>\n<meta property=\"og:locale\" content=\"de_DE\" \/>\n<meta property=\"og:type\" content=\"article\" \/>\n<meta property=\"og:title\" content=\"Soluciones de Obra Civil | Itercon | Grupo CYCLUS\" \/>\n<meta property=\"og:description\" content=\"Construye con confianza. Itercon desarrolla soluciones de obra civil con precisi\u00f3n t\u00e9cnica, sostenibilidad y ejecuci\u00f3n profesional.\" \/>\n<meta property=\"og:url\" content=\"https:\/\/itercon.com\/de\/loesungen-von-itercon\/hoch-tiefbau\/\" \/>\n<meta property=\"og:site_name\" content=\"ITERCON | Grupo CYCLUS\" \/>\n<meta property=\"article:modified_time\" content=\"2026-05-09T20:27:58+00:00\" \/>\n<meta name=\"twitter:card\" content=\"summary_large_image\" \/>\n<meta name=\"twitter:label1\" content=\"Gesch\u00e4tzte Lesezeit\" \/>\n\t<meta name=\"twitter:data1\" content=\"1\u00a0Minute\" \/>\n<script type=\"application\/ld+json\" class=\"yoast-schema-graph\">{\"@context\":\"https:\\\/\\\/schema.org\",\"@graph\":[{\"@type\":\"WebPage\",\"@id\":\"https:\\\/\\\/itercon.com\\\/de\\\/loesungen-von-itercon\\\/hoch-tiefbau\\\/\",\"url\":\"https:\\\/\\\/itercon.com\\\/de\\\/loesungen-von-itercon\\\/hoch-tiefbau\\\/\",\"name\":\"Soluciones de Obra Civil | Itercon | Grupo CYCLUS\",\"isPartOf\":{\"@id\":\"https:\\\/\\\/itercon.com\\\/de\\\/#website\"},\"datePublished\":\"2023-05-30T12:51:22+00:00\",\"dateModified\":\"2026-05-09T20:27:58+00:00\",\"description\":\"Construye con confianza. Itercon desarrolla soluciones de obra civil con precisi\u00f3n t\u00e9cnica, sostenibilidad y ejecuci\u00f3n profesional.\",\"breadcrumb\":{\"@id\":\"https:\\\/\\\/itercon.com\\\/de\\\/loesungen-von-itercon\\\/hoch-tiefbau\\\/#breadcrumb\"},\"inLanguage\":\"de\",\"potentialAction\":[{\"@type\":\"ReadAction\",\"target\":[\"https:\\\/\\\/itercon.com\\\/de\\\/loesungen-von-itercon\\\/hoch-tiefbau\\\/\"]}]},{\"@type\":\"BreadcrumbList\",\"@id\":\"https:\\\/\\\/itercon.com\\\/de\\\/loesungen-von-itercon\\\/hoch-tiefbau\\\/#breadcrumb\",\"itemListElement\":[{\"@type\":\"ListItem\",\"position\":1,\"name\":\"Portada\",\"item\":\"https:\\\/\\\/itercon.com\\\/de\\\/\"},{\"@type\":\"ListItem\",\"position\":2,\"name\":\"L\u00f6sungen von ITERCON\",\"item\":\"https:\\\/\\\/itercon.com\\\/de\\\/loesungen-von-itercon\\\/\"},{\"@type\":\"ListItem\",\"position\":3,\"name\":\"Hoch+Tiefbau\"}]},{\"@type\":\"WebSite\",\"@id\":\"https:\\\/\\\/itercon.com\\\/de\\\/#website\",\"url\":\"https:\\\/\\\/itercon.com\\\/de\\\/\",\"name\":\"ITERCON\",\"description\":\"Innovaciones T\u00e9cnicas y Recursos Constructivos, S.A. empresa de Grupo Cyclus\",\"publisher\":{\"@id\":\"https:\\\/\\\/itercon.com\\\/de\\\/#organization\"},\"potentialAction\":[{\"@type\":\"SearchAction\",\"target\":{\"@type\":\"EntryPoint\",\"urlTemplate\":\"https:\\\/\\\/itercon.com\\\/de\\\/?s={search_term_string}\"},\"query-input\":{\"@type\":\"PropertyValueSpecification\",\"valueRequired\":true,\"valueName\":\"search_term_string\"}}],\"inLanguage\":\"de\"},{\"@type\":\"Organization\",\"@id\":\"https:\\\/\\\/itercon.com\\\/de\\\/#organization\",\"name\":\"ITERCON\",\"url\":\"https:\\\/\\\/itercon.com\\\/de\\\/\",\"logo\":{\"@type\":\"ImageObject\",\"inLanguage\":\"de\",\"@id\":\"https:\\\/\\\/itercon.com\\\/de\\\/#\\\/schema\\\/logo\\\/image\\\/\",\"url\":\"https:\\\/\\\/itercon.com\\\/wp-content\\\/uploads\\\/2023\\\/05\\\/logo-itercon.png\",\"contentUrl\":\"https:\\\/\\\/itercon.com\\\/wp-content\\\/uploads\\\/2023\\\/05\\\/logo-itercon.png\",\"width\":154,\"height\":40,\"caption\":\"ITERCON\"},\"image\":{\"@id\":\"https:\\\/\\\/itercon.com\\\/de\\\/#\\\/schema\\\/logo\\\/image\\\/\"}}]}<\/script>\n<!-- \/ Yoast SEO plugin. -->","yoast_head_json":{"title":"Soluciones de Obra Civil | Itercon | Grupo CYCLUS","description":"Construye con confianza. Itercon desarrolla soluciones de obra civil con precisi\u00f3n t\u00e9cnica, sostenibilidad y ejecuci\u00f3n profesional.","robots":{"index":"index","follow":"follow","max-snippet":"max-snippet:-1","max-image-preview":"max-image-preview:large","max-video-preview":"max-video-preview:-1"},"canonical":"https:\/\/itercon.com\/de\/loesungen-von-itercon\/hoch-tiefbau\/","og_locale":"de_DE","og_type":"article","og_title":"Soluciones de Obra Civil | Itercon | Grupo CYCLUS","og_description":"Construye con confianza. Itercon desarrolla soluciones de obra civil con precisi\u00f3n t\u00e9cnica, sostenibilidad y ejecuci\u00f3n profesional.","og_url":"https:\/\/itercon.com\/de\/loesungen-von-itercon\/hoch-tiefbau\/","og_site_name":"ITERCON | Grupo CYCLUS","article_modified_time":"2026-05-09T20:27:58+00:00","twitter_card":"summary_large_image","twitter_misc":{"Gesch\u00e4tzte Lesezeit":"1\u00a0Minute"},"schema":{"@context":"https:\/\/schema.org","@graph":[{"@type":"WebPage","@id":"https:\/\/itercon.com\/de\/loesungen-von-itercon\/hoch-tiefbau\/","url":"https:\/\/itercon.com\/de\/loesungen-von-itercon\/hoch-tiefbau\/","name":"Soluciones de Obra Civil | Itercon | Grupo CYCLUS","isPartOf":{"@id":"https:\/\/itercon.com\/de\/#website"},"datePublished":"2023-05-30T12:51:22+00:00","dateModified":"2026-05-09T20:27:58+00:00","description":"Construye con confianza. Itercon desarrolla soluciones de obra civil con precisi\u00f3n t\u00e9cnica, sostenibilidad y ejecuci\u00f3n profesional.","breadcrumb":{"@id":"https:\/\/itercon.com\/de\/loesungen-von-itercon\/hoch-tiefbau\/#breadcrumb"},"inLanguage":"de","potentialAction":[{"@type":"ReadAction","target":["https:\/\/itercon.com\/de\/loesungen-von-itercon\/hoch-tiefbau\/"]}]},{"@type":"BreadcrumbList","@id":"https:\/\/itercon.com\/de\/loesungen-von-itercon\/hoch-tiefbau\/#breadcrumb","itemListElement":[{"@type":"ListItem","position":1,"name":"Portada","item":"https:\/\/itercon.com\/de\/"},{"@type":"ListItem","position":2,"name":"L\u00f6sungen von ITERCON","item":"https:\/\/itercon.com\/de\/loesungen-von-itercon\/"},{"@type":"ListItem","position":3,"name":"Hoch+Tiefbau"}]},{"@type":"WebSite","@id":"https:\/\/itercon.com\/de\/#website","url":"https:\/\/itercon.com\/de\/","name":"ITERCON","description":"Innovaciones T\u00e9cnicas y Recursos Constructivos, S.A. empresa de Grupo Cyclus","publisher":{"@id":"https:\/\/itercon.com\/de\/#organization"},"potentialAction":[{"@type":"SearchAction","target":{"@type":"EntryPoint","urlTemplate":"https:\/\/itercon.com\/de\/?s={search_term_string}"},"query-input":{"@type":"PropertyValueSpecification","valueRequired":true,"valueName":"search_term_string"}}],"inLanguage":"de"},{"@type":"Organization","@id":"https:\/\/itercon.com\/de\/#organization","name":"ITERCON","url":"https:\/\/itercon.com\/de\/","logo":{"@type":"ImageObject","inLanguage":"de","@id":"https:\/\/itercon.com\/de\/#\/schema\/logo\/image\/","url":"https:\/\/itercon.com\/wp-content\/uploads\/2023\/05\/logo-itercon.png","contentUrl":"https:\/\/itercon.com\/wp-content\/uploads\/2023\/05\/logo-itercon.png","width":154,"height":40,"caption":"ITERCON"},"image":{"@id":"https:\/\/itercon.com\/de\/#\/schema\/logo\/image\/"}}]}},"_links":{"self":[{"href":"https:\/\/itercon.com\/de\/wp-json\/wp\/v2\/pages\/4567","targetHints":{"allow":["GET"]}}],"collection":[{"href":"https:\/\/itercon.com\/de\/wp-json\/wp\/v2\/pages"}],"about":[{"href":"https:\/\/itercon.com\/de\/wp-json\/wp\/v2\/types\/page"}],"author":[{"embeddable":true,"href":"https:\/\/itercon.com\/de\/wp-json\/wp\/v2\/users\/1"}],"replies":[{"embeddable":true,"href":"https:\/\/itercon.com\/de\/wp-json\/wp\/v2\/comments?post=4567"}],"version-history":[{"count":3,"href":"https:\/\/itercon.com\/de\/wp-json\/wp\/v2\/pages\/4567\/revisions"}],"predecessor-version":[{"id":4570,"href":"https:\/\/itercon.com\/de\/wp-json\/wp\/v2\/pages\/4567\/revisions\/4570"}],"up":[{"embeddable":true,"href":"https:\/\/itercon.com\/de\/wp-json\/wp\/v2\/pages\/4614"}],"wp:attachment":[{"href":"https:\/\/itercon.com\/de\/wp-json\/wp\/v2\/media?parent=4567"}],"curies":[{"name":"wp","href":"https:\/\/api.w.org\/{rel}","templated":true}]}}